{"id":1550,"date":"2019-11-25T17:08:30","date_gmt":"2019-11-25T16:08:30","guid":{"rendered":"https:\/\/www.memoli.it\/?page_id=1550"},"modified":"2019-11-25T17:08:30","modified_gmt":"2019-11-25T16:08:30","slug":"informativa-privacy-modulo-contatto","status":"publish","type":"page","link":"https:\/\/www.memoli.it\/en\/informativa-privacy-modulo-contatto\/","title":{"rendered":"Informativa privacy modulo contatto"},"content":{"rendered":"<h1 class=\"ng-scope\">Informativa sul trattamento dei dati personali, ai sensi dell\u2019art. 13 del Reg. UE 2016\/679.<\/h1>\n<p class=\"ng-scope\">Il Regolamento UE 27 aprile 2016, n. 679 prevede il diritto alla protezione dei dati personali riguardanti persone fisiche. In ottemperanza a tale normativa, la nostra azienda, che intende trattare i Suoi dati personali, desidera preventivamente informarLa, ai sensi dell\u2019art. 13 del Reg. UE 2016\/679, che tale trattamento sar\u00e0 improntato ai principi di liceit\u00e0, correttezza e trasparenza, limitazione della finalit\u00e0, minimizzazione dei dati, esattezza, limitazione della conservazione, integrit\u00e0 e riservatezza e responsabilizzazione, nonch\u00e9 tutela della Sua riservatezza e dei Suoi diritti.<\/p>\n<p class=\"alki-movable ng-scope\">Pertanto Le forniamo le seguenti informazioni sul trattamento dei Suoi dati personali che intendiamo effettuare:<\/p>\n<p class=\"ng-scope\">Il trattamento ha\u00a0<strong>finalit\u00e0<\/strong>\u00a0di poterLa ricontattare, a seguito di Sua richiesta, per fornire informazioni, anche relative ai prodotti\/servizi e per esigenze interne di tipo operativo o gestionale.<\/p>\n<p class=\"ng-scope\">Il trattamento sar\u00e0 effettuato ad opera di soggetti appositamente incaricati, con le seguenti\u00a0<strong>modalit\u00e0: elettronica e cartacea<\/strong>.<\/p>\n<p class=\"ng-scope\">Il\u00a0<strong>conferimento<\/strong>\u00a0dei Suoi dati \u00e8 per Lei\u00a0<strong>obbligatorio<\/strong>\u00a0per la finalit\u00e0 sopra riportata. La invitiamo ad omettere dati non pertinenti in relazione alle specifiche finalit\u00e0 per cui sono conferiti.<\/p>\n<p class=\"ng-scope\">L\u2019eventuale mancato conferimento dei Suoi dati potrebbe comportare l\u2019<strong>impossibilit\u00e0 di poterLa ricontattare<\/strong>\u00a0per fornire informazioni, anche relative ai prodotti\/servizi e per esigenze interne di tipo operativo o gestionale.<\/p>\n<p class=\"ng-scope\"><strong>I soggetti incaricati<\/strong>\u00a0ai quali i Suoi dati personali (dati anagrafici e comuni) possono essere comunicati sono i seguenti:<\/p>\n<ul class=\"ng-scope\">\n<li>soggetti incaricati facenti parte della nostra azienda;<\/li>\n<li>soggetti esterni che eventualmente svolgono per conto della nostra azienda gestione dei sistemi informatici e sito internet;<\/li>\n<li>soggetti ai quali la facolt\u00e0 di accedere ai dati stessi sia accordata da disposizioni di legge o regolamenti;<\/li>\n<li>altri soggetti previsti dalla legge.<\/li>\n<\/ul>\n<p class=\"ng-scope\"><strong>I dati cartacei<\/strong>\u00a0raccolti saranno debitamente\u00a0<strong>conservati<\/strong>\u00a0per un periodo massimo quantificabile in\u00a0<strong>10 anni<\/strong>, ai sensi dell\u2019<strong>art.2220 c.c.<\/strong>.<\/p>\n<p class=\"ng-scope\"><strong>I dati elettronici<\/strong>\u00a0raccolti saranno debitamente\u00a0<strong>conservati<\/strong>, ai sensi dell\u2019<strong>art. 13. c.2, lett. a), seconda parte, del Reg. UE 2016\/679, per un termine variabile<\/strong>, secondo\u00a0<strong>criteri di bilanciamento di interessi legittimi aziendali (legati a verifiche fiscali, eventuale corrispondenza commerciale speciale, quale contenziosi, morosit\u00e0, aspetti legali, di qualit\u00e0, fini statistici)<\/strong>.<\/p>\n<p class=\"ng-scope\"><strong>Non \u00e8 prevista la possibilit\u00e0 di diffondere i dati stessi<\/strong>\u00a0(diffusione = comunicazione a soggetti indeterminati).<\/p>\n<p class=\"ng-scope\">Il Titolare del trattamento \u00e8\u00a0<strong class=\"ng-binding\">MEMOLI sas<\/strong>, con\u00a0<strong>sede legale<\/strong>\u00a0in\u00a0<strong class=\"ng-binding\">Via Magellano, 13 | 20863 Concorezzo (MB) Italy<\/strong><\/p>\n<p class=\"ng-scope\">Ai sensi dell\u2019art. 13, par. 2, lett. b), c), d) del Reg. UE 2016\/679, rivolgendosi al Titolare del trattamento, Lei potr\u00e0 far valere i seguenti diritti, relativi al trattamento dei dati personali:<\/p>\n<ul class=\"ng-scope\">\n<li>diritto all\u2019<strong>accesso<\/strong>\u00a0(art. 15);<\/li>\n<li>diritto di\u00a0<strong>rettifica<\/strong>\u00a0(art. 16);<\/li>\n<li>diritto di\u00a0<strong>cancellazione<\/strong>\u00a0(art. 17);<\/li>\n<li>diritto di\u00a0<strong>limitazione<\/strong>\u00a0(art. 18);<\/li>\n<li>diritto alla\u00a0<strong>portabilit\u00e0 del dato<\/strong>\u00a0(art. 20);<\/li>\n<li>diritto di\u00a0<strong>opposizione<\/strong>\u00a0(art. 21);<\/li>\n<li>diritto di proporre\u00a0<strong>reclamo ad un\u2019autorit\u00e0 di controllo<\/strong>\u00a0(art. 77);<\/li>\n<li>diritto di\u00a0<strong>revocare il consenso<\/strong>, nei casi previsti dall\u2019art. 6, par. 1, lett. a) oppure dall\u2019art. 9, par. 2, lett. a).<\/li>\n<\/ul>\n<p class=\"ng-binding ng-scope\">Il documento \u00e8 stato aggiornato in data 25\/11\/2019 per essere conforme alle disposizioni normative in materia.<\/p>\n<p class=\"ng-scope\">Consulta anche la pagina\u00a0<a href=\"https:\/\/www.memoli.it\/informativa-privacy-e-cookie-policy\/\">Privacy Policy e Cookie policy completa.<\/a><\/p>\n","protected":false},"excerpt":{"rendered":"<p>Informativa sul trattamento dei dati personali, ai sensi dell\u2019art. 13 del Reg. UE 2016\/679. Il Regolamento UE 27 aprile 2016, n. 679 prevede il diritto alla protezione dei dati personali riguardanti persone fisiche. In ottemperanza a tale normativa, la nostra azienda, che intende trattare i Suoi dati personali, desidera preventivamente informarLa, ai sensi dell\u2019art. 13 [&hellip;]<\/p>\n","protected":false},"author":1,"featured_media":0,"parent":0,"menu_order":0,"comment_status":"closed","ping_status":"closed","template":"","meta":{"footnotes":""},"class_list":["post-1550","page","type-page","status-publish","hentry"],"yoast_head":"<!-- This site is optimized with the Yoast SEO plugin v27.3 - https:\/\/yoast.com\/product\/yoast-seo-wordpress\/ -->\n<title>Informativa privacy modulo contatto - Memoli Bending machines<\/title>\n<meta name=\"robots\" content=\"index, follow, max-snippet:-1, max-image-preview:large, max-video-preview:-1\" \/>\n<link rel=\"canonical\" href=\"https:\/\/www.memoli.it\/en\/informativa-privacy-modulo-contatto\/\" \/>\n<meta property=\"og:locale\" content=\"en_US\" \/>\n<meta property=\"og:type\" content=\"article\" \/>\n<meta property=\"og:title\" content=\"Informativa privacy modulo contatto - Memoli Bending machines\" \/>\n<meta property=\"og:description\" content=\"Informativa sul trattamento dei dati personali, ai sensi dell\u2019art. 13 del Reg. UE 2016\/679. Il Regolamento UE 27 aprile 2016, n. 679 prevede il diritto alla protezione dei dati personali riguardanti persone fisiche. In ottemperanza a tale normativa, la nostra azienda, che intende trattare i Suoi dati personali, desidera preventivamente informarLa, ai sensi dell\u2019art. 13 [&hellip;]\" \/>\n<meta property=\"og:url\" content=\"https:\/\/www.memoli.it\/en\/informativa-privacy-modulo-contatto\/\" \/>\n<meta property=\"og:site_name\" content=\"Memoli Bending machines\" \/>\n<meta name=\"twitter:card\" content=\"summary_large_image\" \/>\n<meta name=\"twitter:label1\" content=\"Est. reading time\" \/>\n\t<meta name=\"twitter:data1\" content=\"2 minutes\" \/>\n<script type=\"application\/ld+json\" class=\"yoast-schema-graph\">{\"@context\":\"https:\\\/\\\/schema.org\",\"@graph\":[{\"@type\":\"WebPage\",\"@id\":\"https:\\\/\\\/www.memoli.it\\\/en\\\/informativa-privacy-modulo-contatto\\\/\",\"url\":\"https:\\\/\\\/www.memoli.it\\\/en\\\/informativa-privacy-modulo-contatto\\\/\",\"name\":\"Informativa privacy modulo contatto - Memoli Bending machines\",\"isPartOf\":{\"@id\":\"https:\\\/\\\/www.memoli.it\\\/en\\\/#website\"},\"datePublished\":\"2019-11-25T16:08:30+00:00\",\"breadcrumb\":{\"@id\":\"https:\\\/\\\/www.memoli.it\\\/en\\\/informativa-privacy-modulo-contatto\\\/#breadcrumb\"},\"inLanguage\":\"en-US\",\"potentialAction\":[{\"@type\":\"ReadAction\",\"target\":[\"https:\\\/\\\/www.memoli.it\\\/en\\\/informativa-privacy-modulo-contatto\\\/\"]}]},{\"@type\":\"BreadcrumbList\",\"@id\":\"https:\\\/\\\/www.memoli.it\\\/en\\\/informativa-privacy-modulo-contatto\\\/#breadcrumb\",\"itemListElement\":[{\"@type\":\"ListItem\",\"position\":1,\"name\":\"Home\",\"item\":\"https:\\\/\\\/www.memoli.it\\\/en\\\/memoli-tube-pipe-bending-machines\\\/\"},{\"@type\":\"ListItem\",\"position\":2,\"name\":\"Informativa privacy modulo contatto\"}]},{\"@type\":\"WebSite\",\"@id\":\"https:\\\/\\\/www.memoli.it\\\/en\\\/#website\",\"url\":\"https:\\\/\\\/www.memoli.it\\\/en\\\/\",\"name\":\"Memoli Bending machines\",\"description\":\"Tube and pipes bending machines production\",\"potentialAction\":[{\"@type\":\"SearchAction\",\"target\":{\"@type\":\"EntryPoint\",\"urlTemplate\":\"https:\\\/\\\/www.memoli.it\\\/en\\\/?s={search_term_string}\"},\"query-input\":{\"@type\":\"PropertyValueSpecification\",\"valueRequired\":true,\"valueName\":\"search_term_string\"}}],\"inLanguage\":\"en-US\"}]}<\/script>\n<!-- \/ Yoast SEO plugin. -->","yoast_head_json":{"title":"Informativa privacy modulo contatto - Memoli Bending machines","robots":{"index":"index","follow":"follow","max-snippet":"max-snippet:-1","max-image-preview":"max-image-preview:large","max-video-preview":"max-video-preview:-1"},"canonical":"https:\/\/www.memoli.it\/en\/informativa-privacy-modulo-contatto\/","og_locale":"en_US","og_type":"article","og_title":"Informativa privacy modulo contatto - Memoli Bending machines","og_description":"Informativa sul trattamento dei dati personali, ai sensi dell\u2019art. 13 del Reg. UE 2016\/679. Il Regolamento UE 27 aprile 2016, n. 679 prevede il diritto alla protezione dei dati personali riguardanti persone fisiche. In ottemperanza a tale normativa, la nostra azienda, che intende trattare i Suoi dati personali, desidera preventivamente informarLa, ai sensi dell\u2019art. 13 [&hellip;]","og_url":"https:\/\/www.memoli.it\/en\/informativa-privacy-modulo-contatto\/","og_site_name":"Memoli Bending machines","twitter_card":"summary_large_image","twitter_misc":{"Est. reading time":"2 minutes"},"schema":{"@context":"https:\/\/schema.org","@graph":[{"@type":"WebPage","@id":"https:\/\/www.memoli.it\/en\/informativa-privacy-modulo-contatto\/","url":"https:\/\/www.memoli.it\/en\/informativa-privacy-modulo-contatto\/","name":"Informativa privacy modulo contatto - Memoli Bending machines","isPartOf":{"@id":"https:\/\/www.memoli.it\/en\/#website"},"datePublished":"2019-11-25T16:08:30+00:00","breadcrumb":{"@id":"https:\/\/www.memoli.it\/en\/informativa-privacy-modulo-contatto\/#breadcrumb"},"inLanguage":"en-US","potentialAction":[{"@type":"ReadAction","target":["https:\/\/www.memoli.it\/en\/informativa-privacy-modulo-contatto\/"]}]},{"@type":"BreadcrumbList","@id":"https:\/\/www.memoli.it\/en\/informativa-privacy-modulo-contatto\/#breadcrumb","itemListElement":[{"@type":"ListItem","position":1,"name":"Home","item":"https:\/\/www.memoli.it\/en\/memoli-tube-pipe-bending-machines\/"},{"@type":"ListItem","position":2,"name":"Informativa privacy modulo contatto"}]},{"@type":"WebSite","@id":"https:\/\/www.memoli.it\/en\/#website","url":"https:\/\/www.memoli.it\/en\/","name":"Memoli Bending machines","description":"Tube and pipes bending machines production","potentialAction":[{"@type":"SearchAction","target":{"@type":"EntryPoint","urlTemplate":"https:\/\/www.memoli.it\/en\/?s={search_term_string}"},"query-input":{"@type":"PropertyValueSpecification","valueRequired":true,"valueName":"search_term_string"}}],"inLanguage":"en-US"}]}},"_links":{"self":[{"href":"https:\/\/www.memoli.it\/en\/wp-json\/wp\/v2\/pages\/1550","targetHints":{"allow":["GET"]}}],"collection":[{"href":"https:\/\/www.memoli.it\/en\/wp-json\/wp\/v2\/pages"}],"about":[{"href":"https:\/\/www.memoli.it\/en\/wp-json\/wp\/v2\/types\/page"}],"author":[{"embeddable":true,"href":"https:\/\/www.memoli.it\/en\/wp-json\/wp\/v2\/users\/1"}],"replies":[{"embeddable":true,"href":"https:\/\/www.memoli.it\/en\/wp-json\/wp\/v2\/comments?post=1550"}],"version-history":[{"count":0,"href":"https:\/\/www.memoli.it\/en\/wp-json\/wp\/v2\/pages\/1550\/revisions"}],"wp:attachment":[{"href":"https:\/\/www.memoli.it\/en\/wp-json\/wp\/v2\/media?parent=1550"}],"curies":[{"name":"wp","href":"https:\/\/api.w.org\/{rel}","templated":true}]}}