{"id":3643,"date":"2019-11-04T11:36:30","date_gmt":"2019-11-04T10:36:30","guid":{"rendered":"https:\/\/www.memoli.it\/servizi\/"},"modified":"2022-09-14T10:08:27","modified_gmt":"2022-09-14T08:08:27","slug":"service","status":"publish","type":"page","link":"https:\/\/www.memoli.it\/de\/service\/","title":{"rendered":"Service"},"content":{"rendered":"\n<style type=\"text\/css\" data-created_by=\"avia_inline_auto\" id=\"style-css-av-1hw7z-7f292697da680de8075064193a4d34e5\">\n.avia-section.av-1hw7z-7f292697da680de8075064193a4d34e5{\nbackground-color:#f6f6f6;\nbackground-image:url(https:\/\/www.memoli.it\/wp-content\/uploads\/2019\/10\/Memoli-Curvatubi-Piegatrici.png);\nbackground-repeat:no-repeat;\nbackground-position:50% 0%;\nbackground-attachment:fixed;\n}\n<\/style>\n<div id='av_section_1'  class='avia-section av-1hw7z-7f292697da680de8075064193a4d34e5 main_color avia-section-default avia-no-border-styling  avia-builder-el-0  el_before_av_section  avia-builder-el-first  avia-bg-style-fixed container_wrap sidebar_right'  data-section-bg-repeat='no-repeat'><div class='container av-section-cont-open' ><main  role=\"main\" itemprop=\"mainContentOfPage\"  class='template-page content  av-content-small alpha units'><div class='post-entry post-entry-type-page post-entry-3643'><div class='entry-content-wrapper clearfix'>\n<div class='flex_column_table av-x2ar-1d3e404b41cc11a5da214c53f8914487 sc-av_one_full av-equal-height-column-flextable'>\n<style type=\"text\/css\" data-created_by=\"avia_inline_auto\" id=\"style-css-av-x2ar-1d3e404b41cc11a5da214c53f8914487\">\n.flex_column.av-x2ar-1d3e404b41cc11a5da214c53f8914487{\nborder-radius:0px 0px 0px 0px;\npadding:0px 0px 0px 0px;\n}\n<\/style>\n<div  class='flex_column av-x2ar-1d3e404b41cc11a5da214c53f8914487 av_one_full  avia-builder-el-1  avia-builder-el-no-sibling  first no_margin flex_column_table_cell av-equal-height-column av-align-middle av-zero-column-padding  '     ><style type=\"text\/css\" data-created_by=\"avia_inline_auto\" id=\"style-css-av-khlrdblm-17e0455c6d64fe1656f2f561c19b414c\">\n#top .av-special-heading.av-khlrdblm-17e0455c6d64fe1656f2f561c19b414c{\npadding-bottom:0;\n}\nbody .av-special-heading.av-khlrdblm-17e0455c6d64fe1656f2f561c19b414c .av-special-heading-tag .heading-char{\nfont-size:25px;\n}\n.av-special-heading.av-khlrdblm-17e0455c6d64fe1656f2f561c19b414c .av-subheading{\nfont-size:23px;\n}\n<\/style>\n<div  class='av-special-heading av-khlrdblm-17e0455c6d64fe1656f2f561c19b414c av-special-heading-h1 blockquote modern-quote  avia-builder-el-2  avia-builder-el-no-sibling  av-linked-heading'><h1 class='av-special-heading-tag '  itemprop=\"headline\"  >Dienste<\/h1><div class=\"special-heading-border\"><div class=\"special-heading-inner-border\"><\/div><\/div><\/div><\/div><\/div><!--close column table wrapper. Autoclose: 1 -->\n\n<\/div><\/div><\/main><!-- close content main element --><\/div><\/div>\n<style type=\"text\/css\" data-created_by=\"avia_inline_auto\" id=\"style-css-av-k2dan98e-eac360e6ddd945aec54c1d39b9830fb9\">\n.avia-section.av-k2dan98e-eac360e6ddd945aec54c1d39b9830fb9{\nbackground-color:#ffffff;\nbackground-image:url(https:\/\/www.memoli.it\/wp-content\/uploads\/2022\/09\/Memoli-servizi-ok.jpg);\nbackground-repeat:no-repeat;\nbackground-position:50% 50%;\nbackground-attachment:scroll;\n}\n<\/style>\n<div id='av_section_2'  class='avia-section av-k2dan98e-eac360e6ddd945aec54c1d39b9830fb9 main_color avia-section-huge avia-no-border-styling  avia-builder-el-3  el_after_av_section  el_before_av_one_half  avia-bg-style-scroll container_wrap sidebar_right'  data-section-bg-repeat='no-repeat'><div class='container av-section-cont-open' ><div class='template-page content  av-content-small alpha units'><div class='post-entry post-entry-type-page post-entry-3643'><div class='entry-content-wrapper clearfix'>\n<div class='flex_column_table av-x2ar-b2adb87161cb2b1b93f1c6c5cf996b43 sc-av_two_fifth av-equal-height-column-flextable'>\n<style type=\"text\/css\" data-created_by=\"avia_inline_auto\" id=\"style-css-av-x2ar-b2adb87161cb2b1b93f1c6c5cf996b43\">\n.flex_column.av-x2ar-b2adb87161cb2b1b93f1c6c5cf996b43{\nborder-radius:0px 0px 0px 0px;\npadding:0px 0px 0px 0px;\n}\n<\/style>\n<div  class='flex_column av-x2ar-b2adb87161cb2b1b93f1c6c5cf996b43 av_two_fifth  avia-builder-el-4  el_before_av_three_fifth  avia-builder-el-first  first no_margin flex_column_table_cell av-equal-height-column av-align-middle av-animated-generic left-to-right av-zero-column-padding  '     ><p>\n<style type=\"text\/css\" data-created_by=\"avia_inline_auto\" id=\"style-css-av-khlrdofs-f909ba3b025f0b17c9032f67b36fbb29\">\n#top .av-special-heading.av-khlrdofs-f909ba3b025f0b17c9032f67b36fbb29{\npadding-bottom:10px;\n}\nbody .av-special-heading.av-khlrdofs-f909ba3b025f0b17c9032f67b36fbb29 .av-special-heading-tag .heading-char{\nfont-size:25px;\n}\n.av-special-heading.av-khlrdofs-f909ba3b025f0b17c9032f67b36fbb29 .av-subheading{\nfont-size:15px;\n}\n<\/style>\n<div  class='av-special-heading av-khlrdofs-f909ba3b025f0b17c9032f67b36fbb29 av-special-heading-h2 blockquote modern-quote  avia-builder-el-5  el_before_av_textblock  avia-builder-el-first  av-linked-heading'><h2 class='av-special-heading-tag '  itemprop=\"headline\"  >Tests<\/h2><div class=\"special-heading-border\"><div class=\"special-heading-inner-border\"><\/div><\/div><\/div><br \/>\n<section  class='av_textblock_section av-k1m86qim-7419b6819e3af98dc3b7540d60acd451 '   itemscope=\"itemscope\" itemtype=\"https:\/\/schema.org\/CreativeWork\" ><div class='avia_textblock'  itemprop=\"text\" ><p>F\u00fcr die komplexeren Maschinen ist ein Training durch die Memoli-Techniker geplant. Unser Techniker steht jederzeit f\u00fcr qualifizierter Ersthelfer zur Verf\u00fcgung.<\/p>\n<\/div><\/section><\/p><\/div>\n<style type=\"text\/css\" data-created_by=\"avia_inline_auto\" id=\"style-css-av-x2ar-2170abc858d7db82f2f554ab7346e47a\">\n.flex_column.av-x2ar-2170abc858d7db82f2f554ab7346e47a{\nborder-radius:0px 0px 0px 0px;\npadding:0px 0px 0px 0px;\n}\n<\/style>\n<div  class='flex_column av-x2ar-2170abc858d7db82f2f554ab7346e47a av_three_fifth  avia-builder-el-7  el_after_av_two_fifth  avia-builder-el-last  no_margin flex_column_table_cell av-equal-height-column av-align-middle av-zero-column-padding  '     ><\/div><\/div><!--close column table wrapper. Autoclose: 1 -->\n<\/div><\/div><\/div><!-- close content main div --><\/div><\/div><div id='after_section_2'  class='main_color av_default_container_wrap container_wrap sidebar_right'  ><div class='container av-section-cont-open' ><div class='template-page content  av-content-small alpha units'><div class='post-entry post-entry-type-page post-entry-3643'><div class='entry-content-wrapper clearfix'>\n\n<style type=\"text\/css\" data-created_by=\"avia_inline_auto\" id=\"style-css-av-x9uz-8d29617d7c9e9a34a9f02de353097556\">\n.flex_column.av-x9uz-8d29617d7c9e9a34a9f02de353097556{\nborder-radius:0px 0px 0px 0px;\npadding:2px 2px 2px 2px;\n}\n<\/style>\n<div  class='flex_column av-x9uz-8d29617d7c9e9a34a9f02de353097556 av_one_half  avia-builder-el-8  el_after_av_section  el_before_av_one_half  avia-builder-el-first  first flex_column_div av-animated-generic bottom-to-top  '     ><p>\n<style type=\"text\/css\" data-created_by=\"avia_inline_auto\" id=\"style-css-av-khlre1oj-4faf1ab3c54dd0990312637b2d0d84af\">\n#top .av-special-heading.av-khlre1oj-4faf1ab3c54dd0990312637b2d0d84af{\npadding-bottom:10px;\n}\nbody .av-special-heading.av-khlre1oj-4faf1ab3c54dd0990312637b2d0d84af .av-special-heading-tag .heading-char{\nfont-size:25px;\n}\n.av-special-heading.av-khlre1oj-4faf1ab3c54dd0990312637b2d0d84af .av-subheading{\nfont-size:15px;\n}\n<\/style>\n<div  class='av-special-heading av-khlre1oj-4faf1ab3c54dd0990312637b2d0d84af av-special-heading-h2 blockquote modern-quote  avia-builder-el-9  el_before_av_textblock  avia-builder-el-first  av-linked-heading'><h2 class='av-special-heading-tag '  itemprop=\"headline\"  >Service<\/h2><div class=\"special-heading-border\"><div class=\"special-heading-inner-border\"><\/div><\/div><\/div><br \/>\n<section  class='av_textblock_section av-k1m86qim-7419b6819e3af98dc3b7540d60acd451 '   itemscope=\"itemscope\" itemtype=\"https:\/\/schema.org\/CreativeWork\" ><div class='avia_textblock'  itemprop=\"text\" ><blockquote>\n<p>Unsere Priorit\u00e4t ist die volle Zufriedenheit des Kunden.<\/p>\n<\/blockquote>\n<p>Mit Hilfe eines Netzes qualifizierter Beratungszentren, die sich auf den wichtigsten relevanten M\u00e4rkten befinden, bietet Memoli jedem Kunden weltweit eine sorgf\u00e4ltige und effiziente Kundenbetreuung f\u00fcr die gekauften Maschinen; so da\u00df das gute Funktionieren des Systems gew\u00e4hrleistet und eine rasche L\u00f6sung m\u00f6glicher Probleme erm\u00f6glicht ist.<\/p>\n<p>Wir garantieren eine schnelle Antwort binnen 24 Stunden.<\/p>\n<\/div><\/section><\/p><\/div>\n\n<style type=\"text\/css\" data-created_by=\"avia_inline_auto\" id=\"style-css-av-fwe1q-d51ef055ba216d1c4cc57a17063b9298\">\n.flex_column.av-fwe1q-d51ef055ba216d1c4cc57a17063b9298{\nborder-radius:0px 0px 0px 0px;\npadding:0px 0px 0px 0px;\n}\n<\/style>\n<div  class='flex_column av-fwe1q-d51ef055ba216d1c4cc57a17063b9298 av_one_half  avia-builder-el-11  el_after_av_one_half  el_before_av_layout_row  avia-builder-el-last  flex_column_div av-animated-generic bottom-to-top av-zero-column-padding  '     ><p>\n<style type=\"text\/css\" data-created_by=\"avia_inline_auto\" id=\"style-css-av-khlreiq5-37d8a03af3c67139b20f2b29793abdf3\">\n#top .av-special-heading.av-khlreiq5-37d8a03af3c67139b20f2b29793abdf3{\npadding-bottom:10px;\n}\nbody .av-special-heading.av-khlreiq5-37d8a03af3c67139b20f2b29793abdf3 .av-special-heading-tag .heading-char{\nfont-size:25px;\n}\n.av-special-heading.av-khlreiq5-37d8a03af3c67139b20f2b29793abdf3 .av-subheading{\nfont-size:15px;\n}\n<\/style>\n<div  class='av-special-heading av-khlreiq5-37d8a03af3c67139b20f2b29793abdf3 av-special-heading-h2 blockquote modern-quote  avia-builder-el-12  el_before_av_textblock  avia-builder-el-first  av-linked-heading'><h2 class='av-special-heading-tag '  itemprop=\"headline\"  >Ersatzteile<\/h2><div class=\"special-heading-border\"><div class=\"special-heading-inner-border\"><\/div><\/div><\/div><br \/>\n<section  class='av_textblock_section av-k1m86qim-7419b6819e3af98dc3b7540d60acd451 '   itemscope=\"itemscope\" itemtype=\"https:\/\/schema.org\/CreativeWork\" ><div class='avia_textblock'  itemprop=\"text\" ><blockquote>\n<p>Dank einem st\u00e4ndig nachgef\u00fcllten Lagerhaus k\u00f6nnen wir Ihren Bedarf an Ersatzteilen sowohl bei kommerziellen Komponenten als auch bei Designteilen schnell erf\u00fcllen.<\/p>\n<\/blockquote>\n<p>Sie finden unsere betraute Fachmitarbeiter, die auf Ihre Forderungen schnell reagieren.<\/p>\n<\/div><\/section><\/p><\/div>\n<\/div><\/div><\/div><!-- close content main div --><\/div><\/div><div id='av-layout-grid-1'  class='av-layout-grid-container av-5q6z-37c115db0e1a9e1a6be9cb569be5d513 entry-content-wrapper main_color av-flex-cells  avia-builder-el-14  el_after_av_one_half  avia-builder-el-last  grid-row-not-first  container_wrap sidebar_right'  >\n\n<style type=\"text\/css\" data-created_by=\"avia_inline_auto\" id=\"style-css-av-qriv-298c6af265e1901b7119cd612393c36f\">\n.flex_cell.av-qriv-298c6af265e1901b7119cd612393c36f{\nvertical-align:top;\nbackground-color:#f6f6f6;\nbackground:url(https:\/\/www.memoli.it\/wp-content\/uploads\/2019\/10\/Memoli-Curvatubi-Piegatrici.png) 50% 50% no-repeat fixed, linear-gradient( to bottom, #f6f6f6, #ededed );\n}\n.responsive #top #wrap_all .flex_cell.av-qriv-298c6af265e1901b7119cd612393c36f{\npadding:3% 4% 2% 4% !important;\n}\n<\/style>\n<div class='flex_cell av-qriv-298c6af265e1901b7119cd612393c36f av-gridrow-cell av_one_full no_margin  avia-builder-el-15  avia-builder-el-no-sibling  content-align-top'  ><div class='flex_cell_inner'><p>\n<style type=\"text\/css\" data-created_by=\"avia_inline_auto\" id=\"style-css-av-fwe1q-e31aea090e6e6747f026cfc6a5451061\">\n.flex_column.av-fwe1q-e31aea090e6e6747f026cfc6a5451061{\nborder-radius:0px 0px 0px 0px;\npadding:0px 0px 0px 0px;\n}\n<\/style>\n<div  class='flex_column av-fwe1q-e31aea090e6e6747f026cfc6a5451061 av_one_half  avia-builder-el-16  el_before_av_one_half  avia-builder-el-first  first flex_column_div av-animated-generic bottom-to-top av-zero-column-padding  '     ><p>\n<style type=\"text\/css\" data-created_by=\"avia_inline_auto\" id=\"style-css-av-khlrflb3-92ac6e7da8b340bd29cb301e323f1e79\">\n#top .av-special-heading.av-khlrflb3-92ac6e7da8b340bd29cb301e323f1e79{\npadding-bottom:10px;\n}\nbody .av-special-heading.av-khlrflb3-92ac6e7da8b340bd29cb301e323f1e79 .av-special-heading-tag .heading-char{\nfont-size:25px;\n}\n.av-special-heading.av-khlrflb3-92ac6e7da8b340bd29cb301e323f1e79 .av-subheading{\nfont-size:15px;\n}\n<\/style>\n<div  class='av-special-heading av-khlrflb3-92ac6e7da8b340bd29cb301e323f1e79 av-special-heading-h2 blockquote modern-quote  avia-builder-el-17  el_before_av_textblock  avia-builder-el-first  av-linked-heading'><h2 class='av-special-heading-tag '  itemprop=\"headline\"  >Sondermaschinen<\/h2><div class=\"special-heading-border\"><div class=\"special-heading-inner-border\"><\/div><\/div><\/div><br \/>\n<section  class='av_textblock_section av-k1m86qim-7419b6819e3af98dc3b7540d60acd451 '   itemscope=\"itemscope\" itemtype=\"https:\/\/schema.org\/CreativeWork\" ><div class='avia_textblock'  itemprop=\"text\" ><p>Einer unserer St\u00e4rken ist der Bau Sonder-Biegemaschinen zum Biegen jedes Metalls.<\/p>\n<blockquote>\n<p>Sie sind auf spezifische Produktionsbed\u00fcrfnisse des Kunden geplant und gebaut, wobei die besten technischen L\u00f6sungen mit dem Budget kombiniert werden, um hohe Produktionsstandards zu erreichen und die Kosten zu optimieren.<\/p>\n<\/blockquote>\n<p>Zur Erh\u00f6hung der Zuverl\u00e4ssigkeit werden unsere Sondermaschinen mit hochwertigen mechanischen und elektronischen Teilen zusammengebaut.<\/p>\n<p>Ihnen steht unsere Planungsabteilung immer zur Verf\u00fcgung, die den Kunden von der Projektanalyse und Durchf\u00fchrbarkeitsstudie \u00fcber Kostenabsch\u00e4tzung und Layout-Erstellung bis zur Realisierung der Maschine begleitet.<\/p>\n<\/div><\/section><\/p><\/div>\n<style type=\"text\/css\" data-created_by=\"avia_inline_auto\" id=\"style-css-av-x9uz-17993b053e6c7d5426adff5241c29c5e\">\n.flex_column.av-x9uz-17993b053e6c7d5426adff5241c29c5e{\nborder-radius:0px 0px 0px 0px;\npadding:2px 2px 2px 2px;\n}\n<\/style>\n<div  class='flex_column av-x9uz-17993b053e6c7d5426adff5241c29c5e av_one_half  avia-builder-el-19  el_after_av_one_half  avia-builder-el-last  flex_column_div av-animated-generic bottom-to-top  '     ><p>\n<style type=\"text\/css\" data-created_by=\"avia_inline_auto\" id=\"style-css-av-khlrga1u-94ca4966fe446298f3285effa778e723\">\n#top .av-special-heading.av-khlrga1u-94ca4966fe446298f3285effa778e723{\npadding-bottom:10px;\n}\nbody .av-special-heading.av-khlrga1u-94ca4966fe446298f3285effa778e723 .av-special-heading-tag .heading-char{\nfont-size:25px;\n}\n.av-special-heading.av-khlrga1u-94ca4966fe446298f3285effa778e723 .av-subheading{\nfont-size:15px;\n}\n<\/style>\n<div  class='av-special-heading av-khlrga1u-94ca4966fe446298f3285effa778e723 av-special-heading-h2 blockquote modern-quote  avia-builder-el-20  el_before_av_textblock  avia-builder-el-first  av-linked-heading'><h2 class='av-special-heading-tag '  itemprop=\"headline\"  >Revision, R\u00fccknahme der gebrauchten Maschinen und Verkauf<\/h2><div class=\"special-heading-border\"><div class=\"special-heading-inner-border\"><\/div><\/div><\/div><br \/>\n<section  class='av_textblock_section av-k1m86qim-7419b6819e3af98dc3b7540d60acd451 '   itemscope=\"itemscope\" itemtype=\"https:\/\/schema.org\/CreativeWork\" ><div class='avia_textblock'  itemprop=\"text\" ><p>Dank unserer langj\u00e4hrigen Erfahrung auf diesem Gebiet bieten wir einen Service an, der auf die \u00dcberarbeitung von gebrauchten Mascinen zugeschnitten ist.<\/p>\n<blockquote>\n<p>Auf Anfrage f\u00fchrt das Fachpersonal des Betriebs eine Kontrolle der gebrauchten Maschinen durch und f\u00fchrt eine ausf\u00fchrliche Bewertung der Arbeiten durch, die zur \u00dcberpr\u00fcfung der Maschinen erforderlich sind.<\/p>\n<\/blockquote>\n<p>Zu den angebotenen Dienstleistungen geh\u00f6ren: \u00dcberholung, Wiederaufbereitung, Normung und Ersatzteile.<\/p>\n<p>Memoli besch\u00e4ftigt sich auch mit der Abholung und dem Umtausch. Um den Dienst in Anspruch nehmen zu k\u00f6nnen, muss eine Inspektion durch einen Betriebstechniker gebucht oder Fotos und technische Daten der Maschine zur vorherigen Beurteilung \u00fcbermittelt werden.<\/p>\n<\/div><\/section><\/p><\/div><\/p>\n<\/div><\/div>\n<\/div>\n","protected":false},"excerpt":{"rendered":"","protected":false},"author":1,"featured_media":0,"parent":0,"menu_order":0,"comment_status":"closed","ping_status":"closed","template":"","meta":{"footnotes":""},"class_list":["post-3643","page","type-page","status-publish","hentry"],"yoast_head":"<!-- This site is optimized with the Yoast SEO plugin v27.3 - https:\/\/yoast.com\/product\/yoast-seo-wordpress\/ -->\n<title>Service | Revision, R\u00fccknahme der gebrauchten Maschinen und Verkauf<\/title>\n<meta name=\"description\" content=\"Unsere Priorit\u00e4t ist die volle Zufriedenheit des Kunden. Wir garantieren eine schnelle Antwort binnen 24 Stunden. Einer unserer St\u00e4rken ist der Bau Sonder-Biegemaschinen zum Biegen jedes Metalls.\" \/>\n<meta name=\"robots\" content=\"index, follow, max-snippet:-1, max-image-preview:large, max-video-preview:-1\" \/>\n<link rel=\"canonical\" href=\"https:\/\/www.memoli.it\/de\/service\/\" \/>\n<meta property=\"og:locale\" content=\"de_DE\" \/>\n<meta property=\"og:type\" content=\"article\" \/>\n<meta property=\"og:title\" content=\"Service | Revision, R\u00fccknahme der gebrauchten Maschinen und Verkauf\" \/>\n<meta property=\"og:description\" content=\"Unsere Priorit\u00e4t ist die volle Zufriedenheit des Kunden. Wir garantieren eine schnelle Antwort binnen 24 Stunden. Einer unserer St\u00e4rken ist der Bau Sonder-Biegemaschinen zum Biegen jedes Metalls.\" \/>\n<meta property=\"og:url\" content=\"https:\/\/www.memoli.it\/de\/service\/\" \/>\n<meta property=\"og:site_name\" content=\"Memoli Curvatubi\" \/>\n<meta property=\"article:modified_time\" content=\"2022-09-14T08:08:27+00:00\" \/>\n<meta name=\"twitter:card\" content=\"summary_large_image\" \/>\n<meta name=\"twitter:label1\" content=\"Gesch\u00e4tzte Lesezeit\" \/>\n\t<meta name=\"twitter:data1\" content=\"5\u00a0Minuten\" \/>\n<script type=\"application\/ld+json\" class=\"yoast-schema-graph\">{\"@context\":\"https:\\\/\\\/schema.org\",\"@graph\":[{\"@type\":\"WebPage\",\"@id\":\"https:\\\/\\\/www.memoli.it\\\/de\\\/service\\\/\",\"url\":\"https:\\\/\\\/www.memoli.it\\\/de\\\/service\\\/\",\"name\":\"Service | Revision, R\u00fccknahme der gebrauchten Maschinen und Verkauf\",\"isPartOf\":{\"@id\":\"https:\\\/\\\/www.memoli.it\\\/en\\\/#website\"},\"datePublished\":\"2019-11-04T10:36:30+00:00\",\"dateModified\":\"2022-09-14T08:08:27+00:00\",\"description\":\"Unsere Priorit\u00e4t ist die volle Zufriedenheit des Kunden. Wir garantieren eine schnelle Antwort binnen 24 Stunden. Einer unserer St\u00e4rken ist der Bau Sonder-Biegemaschinen zum Biegen jedes Metalls.\",\"breadcrumb\":{\"@id\":\"https:\\\/\\\/www.memoli.it\\\/de\\\/service\\\/#breadcrumb\"},\"inLanguage\":\"de\",\"potentialAction\":[{\"@type\":\"ReadAction\",\"target\":[\"https:\\\/\\\/www.memoli.it\\\/de\\\/service\\\/\"]}]},{\"@type\":\"BreadcrumbList\",\"@id\":\"https:\\\/\\\/www.memoli.it\\\/de\\\/service\\\/#breadcrumb\",\"itemListElement\":[{\"@type\":\"ListItem\",\"position\":1,\"name\":\"Home\",\"item\":\"https:\\\/\\\/www.memoli.it\\\/de\\\/memoli-rohrbiegemaschinen-profilbiegemaschinen\\\/\"},{\"@type\":\"ListItem\",\"position\":2,\"name\":\"Service\"}]},{\"@type\":\"WebSite\",\"@id\":\"https:\\\/\\\/www.memoli.it\\\/en\\\/#website\",\"url\":\"https:\\\/\\\/www.memoli.it\\\/en\\\/\",\"name\":\"Memoli Curvatubi\",\"description\":\"Produzione Curvatubi piegatrici curvaprofili\",\"potentialAction\":[{\"@type\":\"SearchAction\",\"target\":{\"@type\":\"EntryPoint\",\"urlTemplate\":\"https:\\\/\\\/www.memoli.it\\\/en\\\/?s={search_term_string}\"},\"query-input\":{\"@type\":\"PropertyValueSpecification\",\"valueRequired\":true,\"valueName\":\"search_term_string\"}}],\"inLanguage\":\"de\"}]}<\/script>\n<!-- \/ Yoast SEO plugin. -->","yoast_head_json":{"title":"Service | Revision, R\u00fccknahme der gebrauchten Maschinen und Verkauf","description":"Unsere Priorit\u00e4t ist die volle Zufriedenheit des Kunden. Wir garantieren eine schnelle Antwort binnen 24 Stunden. Einer unserer St\u00e4rken ist der Bau Sonder-Biegemaschinen zum Biegen jedes Metalls.","robots":{"index":"index","follow":"follow","max-snippet":"max-snippet:-1","max-image-preview":"max-image-preview:large","max-video-preview":"max-video-preview:-1"},"canonical":"https:\/\/www.memoli.it\/de\/service\/","og_locale":"de_DE","og_type":"article","og_title":"Service | Revision, R\u00fccknahme der gebrauchten Maschinen und Verkauf","og_description":"Unsere Priorit\u00e4t ist die volle Zufriedenheit des Kunden. Wir garantieren eine schnelle Antwort binnen 24 Stunden. Einer unserer St\u00e4rken ist der Bau Sonder-Biegemaschinen zum Biegen jedes Metalls.","og_url":"https:\/\/www.memoli.it\/de\/service\/","og_site_name":"Memoli Curvatubi","article_modified_time":"2022-09-14T08:08:27+00:00","twitter_card":"summary_large_image","twitter_misc":{"Gesch\u00e4tzte Lesezeit":"5\u00a0Minuten"},"schema":{"@context":"https:\/\/schema.org","@graph":[{"@type":"WebPage","@id":"https:\/\/www.memoli.it\/de\/service\/","url":"https:\/\/www.memoli.it\/de\/service\/","name":"Service | Revision, R\u00fccknahme der gebrauchten Maschinen und Verkauf","isPartOf":{"@id":"https:\/\/www.memoli.it\/en\/#website"},"datePublished":"2019-11-04T10:36:30+00:00","dateModified":"2022-09-14T08:08:27+00:00","description":"Unsere Priorit\u00e4t ist die volle Zufriedenheit des Kunden. Wir garantieren eine schnelle Antwort binnen 24 Stunden. Einer unserer St\u00e4rken ist der Bau Sonder-Biegemaschinen zum Biegen jedes Metalls.","breadcrumb":{"@id":"https:\/\/www.memoli.it\/de\/service\/#breadcrumb"},"inLanguage":"de","potentialAction":[{"@type":"ReadAction","target":["https:\/\/www.memoli.it\/de\/service\/"]}]},{"@type":"BreadcrumbList","@id":"https:\/\/www.memoli.it\/de\/service\/#breadcrumb","itemListElement":[{"@type":"ListItem","position":1,"name":"Home","item":"https:\/\/www.memoli.it\/de\/memoli-rohrbiegemaschinen-profilbiegemaschinen\/"},{"@type":"ListItem","position":2,"name":"Service"}]},{"@type":"WebSite","@id":"https:\/\/www.memoli.it\/en\/#website","url":"https:\/\/www.memoli.it\/en\/","name":"Memoli Curvatubi","description":"Produzione Curvatubi piegatrici curvaprofili","potentialAction":[{"@type":"SearchAction","target":{"@type":"EntryPoint","urlTemplate":"https:\/\/www.memoli.it\/en\/?s={search_term_string}"},"query-input":{"@type":"PropertyValueSpecification","valueRequired":true,"valueName":"search_term_string"}}],"inLanguage":"de"}]}},"_links":{"self":[{"href":"https:\/\/www.memoli.it\/de\/wp-json\/wp\/v2\/pages\/3643","targetHints":{"allow":["GET"]}}],"collection":[{"href":"https:\/\/www.memoli.it\/de\/wp-json\/wp\/v2\/pages"}],"about":[{"href":"https:\/\/www.memoli.it\/de\/wp-json\/wp\/v2\/types\/page"}],"author":[{"embeddable":true,"href":"https:\/\/www.memoli.it\/de\/wp-json\/wp\/v2\/users\/1"}],"replies":[{"embeddable":true,"href":"https:\/\/www.memoli.it\/de\/wp-json\/wp\/v2\/comments?post=3643"}],"version-history":[{"count":0,"href":"https:\/\/www.memoli.it\/de\/wp-json\/wp\/v2\/pages\/3643\/revisions"}],"wp:attachment":[{"href":"https:\/\/www.memoli.it\/de\/wp-json\/wp\/v2\/media?parent=3643"}],"curies":[{"name":"wp","href":"https:\/\/api.w.org\/{rel}","templated":true}]}}